{"id":176,"date":"2025-12-16T14:35:08","date_gmt":"2025-12-16T13:35:08","guid":{"rendered":"https:\/\/vfraisz.hak-digital.at\/?page_id=176"},"modified":"2025-12-16T14:35:08","modified_gmt":"2025-12-16T13:35:08","slug":"meine-top-3-kerzen","status":"publish","type":"page","link":"https:\/\/vfraisz.hak-digital.at\/?page_id=176","title":{"rendered":"Meine Top 3 Kerzen"},"content":{"rendered":"\n<p><mark style=\"background-color:rgba(0, 0, 0, 0);color:#00d084\" class=\"has-inline-color\"><strong>Top 1:<\/strong><\/mark> Eine gute Duftkerze zeichnet sich durch hochwertigen Wachs, einen angenehmen und ausgewogenen Duft sowie eine saubere Brennqualit\u00e4t aus. Eine besonders beliebte Duftkerze ist die \u201eBaies\u201c-Kerze von Diptyque. Sie kombiniert den fruchtigen Duft schwarzer Johannisbeeren mit gr\u00fcnen, leicht floralen Noten. Der Duft wirkt sehr nat\u00fcrlich, nicht aufdringlich und verteilt sich gleichm\u00e4\u00dfig im Raum. Zudem ist Diptyque f\u00fcr seine hohe Duftqualit\u00e4t und lange Brenndauer bekannt.<\/p>\n\n\n\n<p><mark style=\"background-color:rgba(0, 0, 0, 0);color:rgb(153,85,51)\" class=\"has-inline-color\"><strong>Top 2:<\/strong><\/mark> Eine weitere sehr gute Duftkerze ist \u201eBiblioth\u00e8que\u201c von Byredo. Diese Kerze \u00fcberzeugt durch ihren warmen, eleganten Duft aus Pflaume, Leder und Vanille. Sie schafft eine gem\u00fctliche, fast nostalgische Atmosph\u00e4re und eignet sich besonders f\u00fcr Wohn- oder Lesezimmer. Die Duftkomposition ist komplex und luxuri\u00f6s, ohne schwer zu wirken, was sie zu einer beliebten Wahl f\u00fcr Liebhaber besonderer Raumd\u00fcfte macht.<\/p>\n\n\n\n<p><strong><mark style=\"background-color:rgba(0, 0, 0, 0);color:#cf2e2e\" class=\"has-inline-color\">Top 3:<\/mark><\/strong> Ebenfalls empfehlenswert ist die \u201eYankee Candle \u2013 Vanilla Cupcake\u201c. Sie ist ein gutes Beispiel f\u00fcr eine hochwertige Duftkerze im Mainstream-Bereich. Der s\u00fc\u00dfe Vanilleduft ist intensiv, aber angenehm und sorgt f\u00fcr eine behagliche Wohlf\u00fchlstimmung. Yankee Candle ist bekannt f\u00fcr eine sehr starke Duftabgabe und eine gleichm\u00e4\u00dfige Brennweise, wodurch sich der Duft schnell im Raum entfaltet.<\/p>\n\n\n\n<p>Diese drei Duftkerzen stehen jeweils f\u00fcr unterschiedliche Stilrichtungen \u2013 nat\u00fcrlich-elegant, warm-luxuri\u00f6s und s\u00fc\u00df-gem\u00fctlich \u2013 und zeigen, wie vielseitig hochwertige Duftkerzen sein k\u00f6nnen.<\/p>\n","protected":false},"excerpt":{"rendered":"<p>Top 1: Eine gute Duftkerze zeichnet sich durch hochwertigen Wachs, einen angenehmen und ausgewogenen Duft sowie eine saubere Brennqualit\u00e4t aus. Eine besonders beliebte Duftkerze ist die \u201eBaies\u201c-Kerze von Diptyque. Sie kombiniert den fruchtigen Duft schwarzer Johannisbeeren mit gr\u00fcnen, leicht floralen Noten. Der Duft wirkt sehr nat\u00fcrlich, nicht aufdringlich und verteilt sich gleichm\u00e4\u00dfig im Raum. Zudem [&hellip;]<\/p>\n","protected":false},"author":1,"featured_media":0,"parent":0,"menu_order":0,"comment_status":"closed","ping_status":"closed","template":"","meta":{"saved_in_kubio":false,"footnotes":""},"class_list":["post-176","page","type-page","status-publish","hentry"],"kubio_ai_page_context":{"short_desc":"","purpose":"general"},"_links":{"self":[{"href":"https:\/\/vfraisz.hak-digital.at\/index.php?rest_route=\/wp\/v2\/pages\/176","targetHints":{"allow":["GET"]}}],"collection":[{"href":"https:\/\/vfraisz.hak-digital.at\/index.php?rest_route=\/wp\/v2\/pages"}],"about":[{"href":"https:\/\/vfraisz.hak-digital.at\/index.php?rest_route=\/wp\/v2\/types\/page"}],"author":[{"embeddable":true,"href":"https:\/\/vfraisz.hak-digital.at\/index.php?rest_route=\/wp\/v2\/users\/1"}],"replies":[{"embeddable":true,"href":"https:\/\/vfraisz.hak-digital.at\/index.php?rest_route=%2Fwp%2Fv2%2Fcomments&post=176"}],"version-history":[{"count":1,"href":"https:\/\/vfraisz.hak-digital.at\/index.php?rest_route=\/wp\/v2\/pages\/176\/revisions"}],"predecessor-version":[{"id":178,"href":"https:\/\/vfraisz.hak-digital.at\/index.php?rest_route=\/wp\/v2\/pages\/176\/revisions\/178"}],"wp:attachment":[{"href":"https:\/\/vfraisz.hak-digital.at\/index.php?rest_route=%2Fwp%2Fv2%2Fmedia&parent=176"}],"curies":[{"name":"wp","href":"https:\/\/api.w.org\/{rel}","templated":true}]}}