{"id":111,"date":"2025-12-09T14:02:33","date_gmt":"2025-12-09T13:02:33","guid":{"rendered":"https:\/\/vfraisz.hak-digital.at\/?page_id=111"},"modified":"2025-12-09T14:02:33","modified_gmt":"2025-12-09T13:02:33","slug":"impressum-offenlegung-gemaess-%c2%a7-5-ecg-und-%c2%a7-25-medieng","status":"publish","type":"page","link":"https:\/\/vfraisz.hak-digital.at\/?page_id=111","title":{"rendered":"Impressum \/ Offenlegung gem\u00e4\u00df \u00a7 5 ECG und \u00a7 25 MedienG"},"content":{"rendered":"\n<p>Vitus Fraiss \/ Schule<\/p>\n\n\n\n<p>BHAK Korneuburg<\/p>\n\n\n\n<p>Bankmannring 1<\/p>\n\n\n\n<p>2100 Korneuburg<\/p>\n\n\n\n<p>Kontakt:<\/p>\n\n\n\n<p>Telefon: +43 123 421 3652<\/p>\n\n\n\n<p>E-Mail: noe-schule.at<\/p>\n\n\n\n<p>Vitus Fraiss<\/p>\n\n\n\n<p>Stadtgemeinde Korneuburg<\/p>\n\n\n\n<p>Bankmannring 1, 2100 Korneuburg<\/p>\n\n\n\n<p>Unternehmensgegenstand: Betrieb einer \u00f6ffentlichen Bildungseinrichtung.<\/p>\n\n\n\n<p>Erkl\u00e4rung zum Inhalt (\u00a7 25 Abs 5 MedienG):<br>Die Website dient ausschlie\u00dflich als \u00dcbungsseite im Rahmen des Unterrichts im Fach [Name des<br>Fachs\/Projekts] der [Klasse\/Jahrgangsstufe] und verfolgt keine kommerziellen Zwecke. Die Inhalte stellen<br>keine offizielle Berichterstattung oder Meinung der Schule dar und sind nicht zur Beeinflussung der<br>\u00f6ffentlichen Meinung bestimmt.<br>Verantwortlich f\u00fcr den Inhalt und die technische Betreuung (p\u00e4dagogisch):<br>[Mag. Edelin Dreierkoch]<\/p>\n\n\n\n<p><\/p>\n","protected":false},"excerpt":{"rendered":"<p>Vitus Fraiss \/ Schule BHAK Korneuburg Bankmannring 1 2100 Korneuburg Kontakt: Telefon: +43 123 421 3652 E-Mail: noe-schule.at Vitus Fraiss Stadtgemeinde Korneuburg Bankmannring 1, 2100 Korneuburg Unternehmensgegenstand: Betrieb einer \u00f6ffentlichen Bildungseinrichtung. Erkl\u00e4rung zum Inhalt (\u00a7 25 Abs 5 MedienG):Die Website dient ausschlie\u00dflich als \u00dcbungsseite im Rahmen des Unterrichts im Fach [Name desFachs\/Projekts] der [Klasse\/Jahrgangsstufe] und [&hellip;]<\/p>\n","protected":false},"author":1,"featured_media":0,"parent":0,"menu_order":0,"comment_status":"closed","ping_status":"closed","template":"","meta":{"saved_in_kubio":false,"footnotes":""},"class_list":["post-111","page","type-page","status-publish","hentry"],"kubio_ai_page_context":{"short_desc":"","purpose":"general"},"_links":{"self":[{"href":"https:\/\/vfraisz.hak-digital.at\/index.php?rest_route=\/wp\/v2\/pages\/111","targetHints":{"allow":["GET"]}}],"collection":[{"href":"https:\/\/vfraisz.hak-digital.at\/index.php?rest_route=\/wp\/v2\/pages"}],"about":[{"href":"https:\/\/vfraisz.hak-digital.at\/index.php?rest_route=\/wp\/v2\/types\/page"}],"author":[{"embeddable":true,"href":"https:\/\/vfraisz.hak-digital.at\/index.php?rest_route=\/wp\/v2\/users\/1"}],"replies":[{"embeddable":true,"href":"https:\/\/vfraisz.hak-digital.at\/index.php?rest_route=%2Fwp%2Fv2%2Fcomments&post=111"}],"version-history":[{"count":1,"href":"https:\/\/vfraisz.hak-digital.at\/index.php?rest_route=\/wp\/v2\/pages\/111\/revisions"}],"predecessor-version":[{"id":112,"href":"https:\/\/vfraisz.hak-digital.at\/index.php?rest_route=\/wp\/v2\/pages\/111\/revisions\/112"}],"wp:attachment":[{"href":"https:\/\/vfraisz.hak-digital.at\/index.php?rest_route=%2Fwp%2Fv2%2Fmedia&parent=111"}],"curies":[{"name":"wp","href":"https:\/\/api.w.org\/{rel}","templated":true}]}}